{"id":20749,"date":"2023-05-29T21:26:15","date_gmt":"2023-05-30T00:26:15","guid":{"rendered":"http:\/\/fmriachuelo.it10.com.ar\/?page_id=20749"},"modified":"2023-06-01T10:01:45","modified_gmt":"2023-06-01T13:01:45","slug":"el-enfoque","status":"publish","type":"page","link":"http:\/\/fmriachuelo.it10.com.ar\/index.php\/el-enfoque\/","title":{"rendered":"EL ENFOQUE"},"content":{"rendered":"\n<figure class=\"wp-block-image size-large\"><img loading=\"lazy\" decoding=\"async\" width=\"1024\" height=\"576\" src=\"http:\/\/fmriachuelo.it10.com.ar\/wp-content\/uploads\/2023\/05\/el-enfoque-pag-1024x576.png\" alt=\"\" class=\"wp-image-20750\" srcset=\"http:\/\/fmriachuelo.it10.com.ar\/wp-content\/uploads\/2023\/05\/el-enfoque-pag-1024x576.png 1024w, http:\/\/fmriachuelo.it10.com.ar\/wp-content\/uploads\/2023\/05\/el-enfoque-pag-300x169.png 300w, http:\/\/fmriachuelo.it10.com.ar\/wp-content\/uploads\/2023\/05\/el-enfoque-pag-768x432.png 768w, http:\/\/fmriachuelo.it10.com.ar\/wp-content\/uploads\/2023\/05\/el-enfoque-pag-1536x864.png 1536w, http:\/\/fmriachuelo.it10.com.ar\/wp-content\/uploads\/2023\/05\/el-enfoque-pag-750x422.png 750w, http:\/\/fmriachuelo.it10.com.ar\/wp-content\/uploads\/2023\/05\/el-enfoque-pag-1140x641.png 1140w, http:\/\/fmriachuelo.it10.com.ar\/wp-content\/uploads\/2023\/05\/el-enfoque-pag.png 1920w\" sizes=\"auto, (max-width: 1024px) 100vw, 1024px\" \/><\/figure>\n\n\n\n<p>Espacio radial abierto para la comunicaci\u00f3n y promoci\u00f3n de eventos y proyectos culturales.<\/p>\n\n\n\n<p>El mundo siempre est\u00e1 en constante cambio, m\u00e1s en estos tiempos con la globalizaci\u00f3n, las redes sociales, la comunicaci\u00f3n de las masas. Carl Yung hablaba del \u201cInconsciente Colectivo\u201d y hoy, ese \u201ccolectivo\u201d est\u00e1 siendo cada vez m\u00e1s consciente y participativo.<\/p>\n\n\n\n<p>Nuestra propuesta es dejarnos llevar por este cambio siendo m\u00e1s conscientes de uno mismo y del otro, dejando volar nuestra imaginaci\u00f3n con la certeza de que lo \u201cimposible\u201d es \u201cposible\u201d, siempre y cuando sea con el otro.<\/p>\n\n\n\n<p><a href=\"https:\/\/www.facebook.com\/elenfoqueenlasculturas\">https:\/\/www.facebook.com\/elenfoqueenlasculturas<\/a><\/p>\n\n\n\n<p><a href=\"https:\/\/www.instagram.com\/elenfoqueradi\">https:\/\/www.instagram.com\/elenfoqueradi<\/a><\/p>\n\n\n\n<iframe loading=\"lazy\" width=\"100%\" height=\"420px\" scrolling=\"no\" frameborder=\"no\" src=\"\/\/ar.radiocut.fm\/audiocut\/embed\/list\/?show=el-enfoque_1\" ><\/iframe>\n","protected":false},"excerpt":{"rendered":"<p>Espacio radial abierto para la comunicaci\u00f3n y promoci\u00f3n de eventos y proyectos culturales. El mundo siempre est\u00e1 en constante cambio, m\u00e1s en estos tiempos con la globalizaci\u00f3n, las redes sociales, la comunicaci\u00f3n de las masas. Carl Yung hablaba del \u201cInconsciente Colectivo\u201d y hoy, ese \u201ccolectivo\u201d est\u00e1 siendo cada vez m\u00e1s consciente y participativo. Nuestra propuesta [&hellip;]<\/p>\n","protected":false},"author":1,"featured_media":20750,"parent":0,"menu_order":0,"comment_status":"closed","ping_status":"closed","template":"","meta":{"_monsterinsights_skip_tracking":false,"_monsterinsights_sitenote_active":false,"_monsterinsights_sitenote_note":"","_monsterinsights_sitenote_category":0,"jnews_page_loop":{"enable_page_loop":"0","first_title":"Latest Post","second_title":"","header_type":"heading_6","header_background":"","header_text_color":"","layout":"right-sidebar","sidebar":"default-sidebar","second_sidebar":"default-sidebar","sticky_sidebar":"1","module":"3","boxed":"0","boxed_shadow":"0","box_shadow":"0","excerpt_length":"20","content_date":"default","date_custom":"Y\/m\/d","content_pagination":"nav_1","pagination_align":"center","show_navtext":"0","show_pageinfo":"0","post_offset":"0","posts_per_page":"5","include_post":"","exclude_post":"","include_category":"","exclude_category":"","include_author":"","include_tag":"","exclude_tag":"","sort_by":"latest"},"jnews_single_page":{"layout":"no-sidebar","sidebar":"default-sidebar","second_sidebar":"default-sidebar","sticky_sidebar":"1","show_post_featured":"1","show_post_meta":"0","share_position":"top","share_color":"share-monocrhome"},"_joinchat":[],"footnotes":""},"class_list":["post-20749","page","type-page","status-publish","has-post-thumbnail","hentry"],"_links":{"self":[{"href":"http:\/\/fmriachuelo.it10.com.ar\/index.php\/wp-json\/wp\/v2\/pages\/20749","targetHints":{"allow":["GET"]}}],"collection":[{"href":"http:\/\/fmriachuelo.it10.com.ar\/index.php\/wp-json\/wp\/v2\/pages"}],"about":[{"href":"http:\/\/fmriachuelo.it10.com.ar\/index.php\/wp-json\/wp\/v2\/types\/page"}],"author":[{"embeddable":true,"href":"http:\/\/fmriachuelo.it10.com.ar\/index.php\/wp-json\/wp\/v2\/users\/1"}],"replies":[{"embeddable":true,"href":"http:\/\/fmriachuelo.it10.com.ar\/index.php\/wp-json\/wp\/v2\/comments?post=20749"}],"version-history":[{"count":1,"href":"http:\/\/fmriachuelo.it10.com.ar\/index.php\/wp-json\/wp\/v2\/pages\/20749\/revisions"}],"predecessor-version":[{"id":20751,"href":"http:\/\/fmriachuelo.it10.com.ar\/index.php\/wp-json\/wp\/v2\/pages\/20749\/revisions\/20751"}],"wp:featuredmedia":[{"embeddable":true,"href":"http:\/\/fmriachuelo.it10.com.ar\/index.php\/wp-json\/wp\/v2\/media\/20750"}],"wp:attachment":[{"href":"http:\/\/fmriachuelo.it10.com.ar\/index.php\/wp-json\/wp\/v2\/media?parent=20749"}],"curies":[{"name":"wp","href":"https:\/\/api.w.org\/{rel}","templated":true}]}}