{"id":20729,"date":"2023-05-25T12:01:39","date_gmt":"2023-05-25T15:01:39","guid":{"rendered":"http:\/\/fmriachuelo.it10.com.ar\/?page_id=20729"},"modified":"2023-05-25T12:02:57","modified_gmt":"2023-05-25T15:02:57","slug":"al-gran-pueblo-salud","status":"publish","type":"page","link":"http:\/\/fmriachuelo.it10.com.ar\/index.php\/al-gran-pueblo-salud\/","title":{"rendered":"AL GRAN PUEBLO SALUD"},"content":{"rendered":"<div class=\"wp-block-image\">\n<figure class=\"aligncenter size-large\"><img loading=\"lazy\" decoding=\"async\" width=\"1024\" height=\"576\" src=\"http:\/\/fmriachuelo.it10.com.ar\/wp-content\/uploads\/2023\/05\/agps-pag-1024x576.png\" alt=\"\" class=\"wp-image-20731\" srcset=\"http:\/\/fmriachuelo.it10.com.ar\/wp-content\/uploads\/2023\/05\/agps-pag-1024x576.png 1024w, http:\/\/fmriachuelo.it10.com.ar\/wp-content\/uploads\/2023\/05\/agps-pag-300x169.png 300w, http:\/\/fmriachuelo.it10.com.ar\/wp-content\/uploads\/2023\/05\/agps-pag-768x432.png 768w, http:\/\/fmriachuelo.it10.com.ar\/wp-content\/uploads\/2023\/05\/agps-pag-1536x864.png 1536w, http:\/\/fmriachuelo.it10.com.ar\/wp-content\/uploads\/2023\/05\/agps-pag-750x422.png 750w, http:\/\/fmriachuelo.it10.com.ar\/wp-content\/uploads\/2023\/05\/agps-pag-1140x641.png 1140w, http:\/\/fmriachuelo.it10.com.ar\/wp-content\/uploads\/2023\/05\/agps-pag.png 1920w\" sizes=\"auto, (max-width: 1024px) 100vw, 1024px\" \/><\/figure><\/div>\n\n\n<p>Comunicaci\u00f3n desde las tripas para las luchas populares Un pueblo saludable es un pueblo soberano que vive con dignidad. Econom\u00eda popular, soberan\u00eda alimentaria, salud comunitaria, educaci\u00f3n popular, vivienda y h\u00e1bitat, son las cuestiones territoriales que recorren cada uno de nuestros barrios de la Capital Federal, del pa\u00eds y de la Patria Grande. Un abordaje desde la comunicaci\u00f3n popular donde lxs protagonistas son las voces de lxs que se organizan y luchan.<\/p>\n\n\n\n<p><a href=\"https:\/\/www.youtube.com\/channel\/UC8x9NLIBIrjR3Il7yAzk1-w\">https:\/\/www.youtube.com\/channel\/UC8x9NLIBIrjR3Il7yAzk1-w<\/a><\/p>\n\n\n\n<p><a href=\"https:\/\/twitter.com\/pueblo_gran?t=NeuXoklIgPyqzk7rRj4Rqg&amp;s=09\">https:\/\/twitter.com\/pueblo_gran?t=NeuXoklIgPyqzk7rRj4Rqg&amp;s=09<\/a><\/p>\n\n\n\n<iframe loading=\"lazy\" width=\"100%\" height=\"420px\" scrolling=\"no\" frameborder=\"no\" src=\"\/\/ar.radiocut.fm\/audiocut\/embed\/list\/?show=al-gran-pueblo-salud_2\" ><\/iframe>\n","protected":false},"excerpt":{"rendered":"<p>Comunicaci\u00f3n desde las tripas para las luchas populares Un pueblo saludable es un pueblo soberano que vive con dignidad. Econom\u00eda popular, soberan\u00eda alimentaria, salud comunitaria, educaci\u00f3n popular, vivienda y h\u00e1bitat, son las cuestiones territoriales que recorren cada uno de nuestros barrios de la Capital Federal, del pa\u00eds y de la Patria Grande. Un abordaje desde [&hellip;]<\/p>\n","protected":false},"author":1,"featured_media":0,"parent":0,"menu_order":0,"comment_status":"closed","ping_status":"closed","template":"","meta":{"_monsterinsights_skip_tracking":false,"_monsterinsights_sitenote_active":false,"_monsterinsights_sitenote_note":"","_monsterinsights_sitenote_category":0,"jnews_page_loop":{"enable_page_loop":"0","first_title":"Latest Post","second_title":"","header_type":"heading_6","header_background":"","header_text_color":"","layout":"right-sidebar","sidebar":"default-sidebar","second_sidebar":"default-sidebar","sticky_sidebar":"1","module":"3","boxed":"0","boxed_shadow":"0","box_shadow":"0","excerpt_length":"20","content_date":"default","date_custom":"Y\/m\/d","content_pagination":"nav_1","pagination_align":"center","show_navtext":"0","show_pageinfo":"0","post_offset":"0","posts_per_page":"5","include_post":"","exclude_post":"","include_category":"","exclude_category":"","include_author":"","include_tag":"","exclude_tag":"","sort_by":"latest"},"jnews_single_page":{"layout":"no-sidebar","sidebar":"default-sidebar","second_sidebar":"default-sidebar","sticky_sidebar":"1","show_post_featured":"1","show_post_meta":"0","share_position":"top","share_color":"share-monocrhome"},"_joinchat":[],"footnotes":""},"class_list":["post-20729","page","type-page","status-publish","hentry"],"_links":{"self":[{"href":"http:\/\/fmriachuelo.it10.com.ar\/index.php\/wp-json\/wp\/v2\/pages\/20729","targetHints":{"allow":["GET"]}}],"collection":[{"href":"http:\/\/fmriachuelo.it10.com.ar\/index.php\/wp-json\/wp\/v2\/pages"}],"about":[{"href":"http:\/\/fmriachuelo.it10.com.ar\/index.php\/wp-json\/wp\/v2\/types\/page"}],"author":[{"embeddable":true,"href":"http:\/\/fmriachuelo.it10.com.ar\/index.php\/wp-json\/wp\/v2\/users\/1"}],"replies":[{"embeddable":true,"href":"http:\/\/fmriachuelo.it10.com.ar\/index.php\/wp-json\/wp\/v2\/comments?post=20729"}],"version-history":[{"count":2,"href":"http:\/\/fmriachuelo.it10.com.ar\/index.php\/wp-json\/wp\/v2\/pages\/20729\/revisions"}],"predecessor-version":[{"id":20733,"href":"http:\/\/fmriachuelo.it10.com.ar\/index.php\/wp-json\/wp\/v2\/pages\/20729\/revisions\/20733"}],"wp:attachment":[{"href":"http:\/\/fmriachuelo.it10.com.ar\/index.php\/wp-json\/wp\/v2\/media?parent=20729"}],"curies":[{"name":"wp","href":"https:\/\/api.w.org\/{rel}","templated":true}]}}