{"id":20711,"date":"2023-05-25T11:31:39","date_gmt":"2023-05-25T14:31:39","guid":{"rendered":"http:\/\/fmriachuelo.it10.com.ar\/?page_id=20711"},"modified":"2023-05-25T11:33:10","modified_gmt":"2023-05-25T14:33:10","slug":"hora-libre","status":"publish","type":"page","link":"http:\/\/fmriachuelo.it10.com.ar\/index.php\/hora-libre\/","title":{"rendered":"HORA LIBRE"},"content":{"rendered":"\n<figure class=\"wp-block-image size-large\"><img loading=\"lazy\" decoding=\"async\" width=\"1024\" height=\"576\" src=\"http:\/\/fmriachuelo.it10.com.ar\/wp-content\/uploads\/2023\/05\/hora-libre-pag-1024x576.png\" alt=\"\" class=\"wp-image-20712\" srcset=\"http:\/\/fmriachuelo.it10.com.ar\/wp-content\/uploads\/2023\/05\/hora-libre-pag-1024x576.png 1024w, http:\/\/fmriachuelo.it10.com.ar\/wp-content\/uploads\/2023\/05\/hora-libre-pag-300x169.png 300w, http:\/\/fmriachuelo.it10.com.ar\/wp-content\/uploads\/2023\/05\/hora-libre-pag-768x432.png 768w, http:\/\/fmriachuelo.it10.com.ar\/wp-content\/uploads\/2023\/05\/hora-libre-pag-1536x864.png 1536w, http:\/\/fmriachuelo.it10.com.ar\/wp-content\/uploads\/2023\/05\/hora-libre-pag-750x422.png 750w, http:\/\/fmriachuelo.it10.com.ar\/wp-content\/uploads\/2023\/05\/hora-libre-pag-1140x641.png 1140w, http:\/\/fmriachuelo.it10.com.ar\/wp-content\/uploads\/2023\/05\/hora-libre-pag.png 1920w\" sizes=\"auto, (max-width: 1024px) 100vw, 1024px\" \/><\/figure>\n\n\n\n<p>Hora Libre es un espacio destinado a alumnos y alumnas de los tres niveles de las Escuelas P\u00fablicas de CABA.<\/p>\n\n\n\n<p>Informes, entrevistas, historias de vida, investigaciones period\u00edsticas, son algunas de las producciones que realizan en las aulas y las llevan a la radio.<\/p>\n\n\n\n<p>Cada programa es una invitaci\u00f3n a la reflexi\u00f3n, al debate, a la lectura, a la emoci\u00f3n, a la espontaneidad.<\/p>\n\n\n\n<p>Hora Libre, donde los chicos y las chicas toman la palabra.<\/p>\n\n\n\n<p><a href=\"https:\/\/www.instagram.com\/programa.rec\">https:\/\/www.instagram.com\/programa.rec<\/a><\/p>\n\n\n\n<p><a href=\"https:\/\/www.facebook.com\/programarec\">https:\/\/www.facebook.com\/programarec<\/a><\/p>\n\n\n\n<iframe loading=\"lazy\" width=\"100%\" height=\"420px\" scrolling=\"no\" frameborder=\"no\" src=\"\/\/ar.radiocut.fm\/audiocut\/embed\/list\/?show=hora-libre-en-barrio\" ><\/iframe>\n","protected":false},"excerpt":{"rendered":"<p>Hora Libre es un espacio destinado a alumnos y alumnas de los tres niveles de las Escuelas P\u00fablicas de CABA. Informes, entrevistas, historias de vida, investigaciones period\u00edsticas, son algunas de las producciones que realizan en las aulas y las llevan a la radio. Cada programa es una invitaci\u00f3n a la reflexi\u00f3n, al debate, a la [&hellip;]<\/p>\n","protected":false},"author":1,"featured_media":0,"parent":0,"menu_order":0,"comment_status":"closed","ping_status":"closed","template":"","meta":{"_monsterinsights_skip_tracking":false,"_monsterinsights_sitenote_active":false,"_monsterinsights_sitenote_note":"","_monsterinsights_sitenote_category":0,"jnews_page_loop":{"enable_page_loop":"0","first_title":"Latest Post","second_title":"","header_type":"heading_6","header_background":"","header_text_color":"","layout":"right-sidebar","sidebar":"default-sidebar","second_sidebar":"default-sidebar","sticky_sidebar":"1","module":"3","boxed":"0","boxed_shadow":"0","box_shadow":"0","excerpt_length":"20","content_date":"default","date_custom":"Y\/m\/d","content_pagination":"nav_1","pagination_align":"center","show_navtext":"0","show_pageinfo":"0","post_offset":"0","posts_per_page":"5","include_post":"","exclude_post":"","include_category":"","exclude_category":"","include_author":"","include_tag":"","exclude_tag":"","sort_by":"latest"},"jnews_single_page":{"layout":"no-sidebar","sidebar":"default-sidebar","second_sidebar":"default-sidebar","sticky_sidebar":"1","show_post_featured":"1","show_post_meta":"0","share_position":"top","share_color":"share-monocrhome"},"_joinchat":[],"footnotes":""},"class_list":["post-20711","page","type-page","status-publish","hentry"],"_links":{"self":[{"href":"http:\/\/fmriachuelo.it10.com.ar\/index.php\/wp-json\/wp\/v2\/pages\/20711","targetHints":{"allow":["GET"]}}],"collection":[{"href":"http:\/\/fmriachuelo.it10.com.ar\/index.php\/wp-json\/wp\/v2\/pages"}],"about":[{"href":"http:\/\/fmriachuelo.it10.com.ar\/index.php\/wp-json\/wp\/v2\/types\/page"}],"author":[{"embeddable":true,"href":"http:\/\/fmriachuelo.it10.com.ar\/index.php\/wp-json\/wp\/v2\/users\/1"}],"replies":[{"embeddable":true,"href":"http:\/\/fmriachuelo.it10.com.ar\/index.php\/wp-json\/wp\/v2\/comments?post=20711"}],"version-history":[{"count":4,"href":"http:\/\/fmriachuelo.it10.com.ar\/index.php\/wp-json\/wp\/v2\/pages\/20711\/revisions"}],"predecessor-version":[{"id":20717,"href":"http:\/\/fmriachuelo.it10.com.ar\/index.php\/wp-json\/wp\/v2\/pages\/20711\/revisions\/20717"}],"wp:attachment":[{"href":"http:\/\/fmriachuelo.it10.com.ar\/index.php\/wp-json\/wp\/v2\/media?parent=20711"}],"curies":[{"name":"wp","href":"https:\/\/api.w.org\/{rel}","templated":true}]}}